{"id":20,"date":"2024-06-06T18:04:24","date_gmt":"2024-06-06T18:04:24","guid":{"rendered":"https:\/\/stgfervent1.wpenginepowered.com\/?page_id=20"},"modified":"2026-04-09T10:01:52","modified_gmt":"2026-04-09T10:01:52","slug":"about-fervent-1-study","status":"publish","type":"page","link":"https:\/\/fervent1study.com\/it-it\/about-fervent-1-study\/","title":{"rendered":"Informazioni sullo studio FERVENT-1"},"content":{"rendered":"<div data-elementor-type=\"wp-page\" data-elementor-id=\"20\" class=\"elementor elementor-20\" data-elementor-post-type=\"page\">\n\t\t\t\t<div class=\"elementor-element elementor-element-73b24cb6 heroHeaderSection e-flex e-con-boxed e-con e-parent\" data-id=\"73b24cb6\" data-element_type=\"container\" data-e-type=\"container\">\n\t\t\t\t\t<div class=\"e-con-inner\">\n\t\t<div class=\"elementor-element elementor-element-1af4dd7 e-con-full e-flex e-con e-child\" data-id=\"1af4dd7\" data-element_type=\"container\" data-e-type=\"container\">\n\t\t\t\t<div class=\"elementor-element elementor-element-33b70c24 elementor-widget elementor-widget-heading\" data-id=\"33b70c24\" data-element_type=\"widget\" data-e-type=\"widget\" data-widget_type=\"heading.default\">\n\t\t\t\t<div class=\"elementor-widget-container\">\n\t\t\t\t\t<h1 class=\"elementor-heading-title elementor-size-default\">In cosa consiste lo studio di ricerca clinica FERVENT-1?<\/h1>\t\t\t\t<\/div>\n\t\t\t\t<\/div>\n\t\t\t\t<\/div>\n\t\t<div class=\"elementor-element elementor-element-550e43d4 e-con-full e-flex e-con e-child\" data-id=\"550e43d4\" data-element_type=\"container\" data-e-type=\"container\">\n\t\t\t\t<\/div>\n\t\t\t\t\t<\/div>\n\t\t\t\t<\/div>\n\t\t<div class=\"elementor-element elementor-element-54f3e3cd hcp-lines-background e-flex e-con-boxed e-con e-parent\" data-id=\"54f3e3cd\" data-element_type=\"container\" data-e-type=\"container\">\n\t\t\t\t\t<div class=\"e-con-inner\">\n\t\t<div class=\"elementor-element elementor-element-5555297 e-con-full e-flex e-con e-child\" data-id=\"5555297\" data-element_type=\"container\" data-e-type=\"container\">\n\t\t\t\t<\/div>\n\t\t<div class=\"elementor-element elementor-element-4a89cbc6 e-flex e-con-boxed e-con e-child\" data-id=\"4a89cbc6\" data-element_type=\"container\" data-e-type=\"container\">\n\t\t\t\t\t<div class=\"e-con-inner\">\n\t\t\t\t<div class=\"elementor-element elementor-element-4ed9a795 elementor-widget elementor-widget-text-editor\" data-id=\"4ed9a795\" data-element_type=\"widget\" data-e-type=\"widget\" data-widget_type=\"text-editor.default\">\n\t\t\t\t<div class=\"elementor-widget-container\">\n\t\t\t\t\t\t\t\t\tAttualmente stiamo lavorando allo sviluppo di possibili trattamenti per la beta-talassemia non trasfusione-dipendente. FERVENT-1 \u00e8 uno studio clinico che mira a valutare l\u2019efficacia e la sicurezza di un trattamento sperimentale per ridurre i livelli eccessivi di ferro negli adulti affetti da beta-talassemia non trasfusione-dipendente.\u00a0\u00a0\t\t\t\t\t\t\t\t<\/div>\n\t\t\t\t<\/div>\n\t\t\t\t\t<\/div>\n\t\t\t\t<\/div>\n\t\t\t\t\t<\/div>\n\t\t\t\t<\/div>\n\t\t<div class=\"elementor-element elementor-element-fa29133 e-flex e-con-boxed e-con e-parent\" data-id=\"fa29133\" data-element_type=\"container\" data-e-type=\"container\">\n\t\t\t\t\t<div class=\"e-con-inner\">\n\t\t\t\t<div class=\"elementor-element elementor-element-c263d61 elementor-widget elementor-widget-heading\" data-id=\"c263d61\" data-element_type=\"widget\" data-e-type=\"widget\" data-widget_type=\"heading.default\">\n\t\t\t\t<div class=\"elementor-widget-container\">\n\t\t\t\t\t<h2 class=\"elementor-heading-title elementor-size-default\">Qual \u00e8 il trattamento in studio?<\/h2>\t\t\t\t<\/div>\n\t\t\t\t<\/div>\n\t\t\t\t\t<\/div>\n\t\t\t\t<\/div>\n\t\t<div class=\"elementor-element elementor-element-9c53f5a e-flex e-con-boxed e-con e-parent\" data-id=\"9c53f5a\" data-element_type=\"container\" data-e-type=\"container\">\n\t\t\t\t\t<div class=\"e-con-inner\">\n\t\t<div class=\"elementor-element elementor-element-6198cc0 e-con-full e-flex e-con e-child\" data-id=\"6198cc0\" data-element_type=\"container\" data-e-type=\"container\">\n\t\t<div class=\"elementor-element elementor-element-66ba573 eligibilitybox e-con-full e-flex e-con e-child\" data-id=\"66ba573\" data-element_type=\"container\" data-e-type=\"container\" data-settings=\"{&quot;background_background&quot;:&quot;classic&quot;}\">\n\t\t\t\t<div class=\"elementor-element elementor-element-fd1ff3f elementor-widget elementor-widget-image\" data-id=\"fd1ff3f\" data-element_type=\"widget\" data-e-type=\"widget\" data-widget_type=\"image.default\">\n\t\t\t\t<div class=\"elementor-widget-container\">\n\t\t\t\t\t\t\t\t\t\t\t\t\t\t\t<img decoding=\"async\" width=\"118\" height=\"118\" src=\"https:\/\/fervent1study.com\/wp-content\/uploads\/2025\/02\/Icons.svg\" class=\"attachment-full size-full wp-image-254\" alt=\"\" \/>\t\t\t\t\t\t\t\t\t\t\t\t\t\t\t<\/div>\n\t\t\t\t<\/div>\n\t\t<div class=\"elementor-element elementor-element-452167b e-flex e-con-boxed e-con e-child\" data-id=\"452167b\" data-element_type=\"container\" data-e-type=\"container\">\n\t\t\t\t\t<div class=\"e-con-inner\">\n\t\t\t\t<div class=\"elementor-element elementor-element-e68310b elementor-widget elementor-widget-text-editor\" data-id=\"e68310b\" data-element_type=\"widget\" data-e-type=\"widget\" data-widget_type=\"text-editor.default\">\n\t\t\t\t<div class=\"elementor-widget-container\">\n\t\t\t\t\t\t\t\t\t<p><strong>Trattamento sperimentale<\/strong>:<br \/>Questo trattamento \u00e8 costituito da un anticorpo monoclonale diretto a una proteina presente nell\u2019organismo chiamata TMPRSS6. Questa proteina normalmente aumenta la quantit\u00e0 di ferro nel sangue. Il blocco di questa proteina con il trattamento sperimentale potrebbe ridurre i livelli eccessivi di ferro nell\u2019organismo. L\u2019aggettivo \u201csperimentale\u201d indica che non \u00e8 approvato per l\u2019uso al di fuori degli studi clinici.\u00a0<\/p>\t\t\t\t\t\t\t\t<\/div>\n\t\t\t\t<\/div>\n\t\t\t\t\t<\/div>\n\t\t\t\t<\/div>\n\t\t\t\t<\/div>\n\t\t\t\t<\/div>\n\t\t<div class=\"elementor-element elementor-element-f035e8a e-con-full e-flex e-con e-child\" data-id=\"f035e8a\" data-element_type=\"container\" data-e-type=\"container\">\n\t\t<div class=\"elementor-element elementor-element-dcac079 eligibilitybox e-con-full e-flex e-con e-child\" data-id=\"dcac079\" data-element_type=\"container\" data-e-type=\"container\" data-settings=\"{&quot;background_background&quot;:&quot;classic&quot;}\">\n\t\t\t\t<div class=\"elementor-element elementor-element-bb7b912 elementor-widget elementor-widget-image\" data-id=\"bb7b912\" data-element_type=\"widget\" data-e-type=\"widget\" data-widget_type=\"image.default\">\n\t\t\t\t<div class=\"elementor-widget-container\">\n\t\t\t\t\t\t\t\t\t\t\t\t\t\t\t<img decoding=\"async\" width=\"118\" height=\"118\" src=\"https:\/\/fervent1study.com\/wp-content\/uploads\/2025\/02\/Icons.svg\" class=\"attachment-full size-full wp-image-254\" alt=\"\" \/>\t\t\t\t\t\t\t\t\t\t\t\t\t\t\t<\/div>\n\t\t\t\t<\/div>\n\t\t<div class=\"elementor-element elementor-element-52f7146 e-flex e-con-boxed e-con e-child\" data-id=\"52f7146\" data-element_type=\"container\" data-e-type=\"container\">\n\t\t\t\t\t<div class=\"e-con-inner\">\n\t\t\t\t<div class=\"elementor-element elementor-element-3545afb elementor-widget elementor-widget-text-editor\" data-id=\"3545afb\" data-element_type=\"widget\" data-e-type=\"widget\" data-widget_type=\"text-editor.default\">\n\t\t\t\t<div class=\"elementor-widget-container\">\n\t\t\t\t\t\t\t\t\t<p><strong>Placebo:<\/strong> \u2028<br \/>Il placebo ha un aspetto simile al trattamento sperimentale ma che non contiene alcun farmaco reale. I ricercatori possono stabilire se un trattamento sperimentale \u00e8 efficace determinando se funziona meglio di un placebo.<\/p>\t\t\t\t\t\t\t\t<\/div>\n\t\t\t\t<\/div>\n\t\t\t\t\t<\/div>\n\t\t\t\t<\/div>\n\t\t\t\t<\/div>\n\t\t\t\t<\/div>\n\t\t\t\t\t<\/div>\n\t\t\t\t<\/div>\n\t\t<div class=\"elementor-element elementor-element-533d39e e-flex e-con-boxed e-con e-parent\" data-id=\"533d39e\" data-element_type=\"container\" data-e-type=\"container\">\n\t\t\t\t\t<div class=\"e-con-inner\">\n\t\t<div class=\"elementor-element elementor-element-eff7250 e-flex e-con-boxed e-con e-child\" data-id=\"eff7250\" data-element_type=\"container\" data-e-type=\"container\">\n\t\t\t\t\t<div class=\"e-con-inner\">\n\t\t\t\t<div class=\"elementor-element elementor-element-dd81a22 elementor-widget elementor-widget-text-editor\" data-id=\"dd81a22\" data-element_type=\"widget\" data-e-type=\"widget\" data-widget_type=\"text-editor.default\">\n\t\t\t\t<div class=\"elementor-widget-container\">\n\t\t\t\t\t\t\t\t\tUna volta che il medico dello studio avr\u00e0 confermato la Sua idoneit\u00e0, Le verr\u00e0 assegnato in modo casuale il trattamento sperimentale o un placebo. Avr\u00e0 una probabilit\u00e0 di 4 su 5 di ricevere il trattamento sperimentale rispetto al placebo.\u00a0\t\t\t\t\t\t\t\t<\/div>\n\t\t\t\t<\/div>\n\t\t\t\t<div class=\"elementor-element elementor-element-97ff1c9 elementor-widget elementor-widget-text-editor\" data-id=\"97ff1c9\" data-element_type=\"widget\" data-e-type=\"widget\" data-widget_type=\"text-editor.default\">\n\t\t\t\t<div class=\"elementor-widget-container\">\n\t\t\t\t\t\t\t\t\tIl trattamento in studio viene somministrato tramite iniezione sottocutanea (un ago inserito sotto la pelle).\t\t\t\t\t\t\t\t<\/div>\n\t\t\t\t<\/div>\n\t\t\t\t\t<\/div>\n\t\t\t\t<\/div>\n\t\t\t\t\t<\/div>\n\t\t\t\t<\/div>\n\t\t<div class=\"elementor-element elementor-element-74a903a boxed-container-left e-flex e-con-boxed e-con e-parent\" data-id=\"74a903a\" data-element_type=\"container\" data-e-type=\"container\">\n\t\t\t\t\t<div class=\"e-con-inner\">\n\t\t<div class=\"elementor-element elementor-element-def04e3 e-con-full e-flex e-con e-child\" data-id=\"def04e3\" data-element_type=\"container\" data-e-type=\"container\">\n\t\t\t\t<\/div>\n\t\t<div class=\"elementor-element elementor-element-a7cc281 e-con-full e-flex e-con e-child\" data-id=\"a7cc281\" data-element_type=\"container\" data-e-type=\"container\">\n\t\t\t\t<div class=\"elementor-element elementor-element-bd530b8 elementor-widget elementor-widget-heading\" data-id=\"bd530b8\" data-element_type=\"widget\" data-e-type=\"widget\" data-widget_type=\"heading.default\">\n\t\t\t\t<div class=\"elementor-widget-container\">\n\t\t\t\t\t<h2 class=\"elementor-heading-title elementor-size-default\">Cosa devo aspettarmi nel caso in cui decidessi di partecipare?<\/h2>\t\t\t\t<\/div>\n\t\t\t\t<\/div>\n\t\t\t\t<div class=\"elementor-element elementor-element-7de6d2c elementor-widget elementor-widget-text-editor\" data-id=\"7de6d2c\" data-element_type=\"widget\" data-e-type=\"widget\" data-widget_type=\"text-editor.default\">\n\t\t\t\t<div class=\"elementor-widget-container\">\n\t\t\t\t\t<style>.elementor-element-7de6d2c{display:none !important}<\/style>\t\t\t\t<\/div>\n\t\t\t\t<\/div>\n\t\t\t\t<div class=\"elementor-element elementor-element-ea894a9 elementor-widget elementor-widget-text-editor\" data-id=\"ea894a9\" data-element_type=\"widget\" data-e-type=\"widget\" data-widget_type=\"text-editor.default\">\n\t\t\t\t<div class=\"elementor-widget-container\">\n\t\t\t\t\t\t\t\t\t<p>La partecipazione allo studio \u00e8 interamente volontaria (ossia \u00e8 una scelta che spetta a Lei). Le forniremo informazioni sul programma nonch\u00e9 sul Suo ruolo e sulle Sue responsabilit\u00e0 di partecipante allo studio FERVENT-1. Pu\u00f2 abbandonare lo studio in qualsiasi momento senza che ci\u00f2 influisca sull\u2019assistenza sanitaria che riceve regolarmente.<\/p>\t\t\t\t\t\t\t\t<\/div>\n\t\t\t\t<\/div>\n\t\t\t\t<div class=\"elementor-element elementor-element-889dce9 elementor-widget elementor-widget-text-editor\" data-id=\"889dce9\" data-element_type=\"widget\" data-e-type=\"widget\" data-widget_type=\"text-editor.default\">\n\t\t\t\t<div class=\"elementor-widget-container\">\n\t\t\t\t\t\t\t\t\tSe decide di partecipare allo studio, dovr\u00e0 svolgere alcune attivit\u00e0, tra cui sottoporsi alle visite di studio e a determinate valutazioni e procedure, quali esami di diagnostica per immagini, biopsie e prelievi di sangue. La Sua partecipazione potrebbe durare fino a circa un anno e mezzo e comprendere fino a 22\u202fvisite di studio.\t\t\t\t\t\t\t\t<\/div>\n\t\t\t\t<\/div>\n\t\t\t\t<div class=\"elementor-element elementor-element-8d0b64f elementor-widget elementor-widget-text-editor\" data-id=\"8d0b64f\" data-element_type=\"widget\" data-e-type=\"widget\" data-widget_type=\"text-editor.default\">\n\t\t\t\t<div class=\"elementor-widget-container\">\n\t\t\t\t\t\t\t\t\tAi partecipanti qualificati potranno essere rimborsate le spese di viaggio da e per il centro di studio per le visite di studio. Il personale del centro di studio Le fornir\u00e0 maggiori informazioni sul rimborso cos\u00ec come approvato nel Suo Paese e dal centro di studio.\t\t\t\t\t\t\t\t<\/div>\n\t\t\t\t<\/div>\n\t\t\t\t<\/div>\n\t\t\t\t\t<\/div>\n\t\t\t\t<\/div>\n\t\t<div class=\"elementor-element elementor-element-6689238 e-flex e-con-boxed e-con e-parent\" data-id=\"6689238\" data-element_type=\"container\" data-e-type=\"container\">\n\t\t\t\t\t<div class=\"e-con-inner\">\n\t\t\t\t<div class=\"elementor-element elementor-element-05c79d3 elementor-hidden-desktop elementor-hidden-laptop elementor-hidden-widescreen elementor-hidden-tablet_extra elementor-hidden-tablet elementor-hidden-mobile_extra elementor-widget elementor-widget-image\" data-id=\"05c79d3\" data-element_type=\"widget\" data-e-type=\"widget\" data-widget_type=\"image.default\">\n\t\t\t\t<div class=\"elementor-widget-container\">\n\t\t\t\t\t\t\t\t\t\t\t\t\t\t\t<img fetchpriority=\"high\" decoding=\"async\" width=\"512\" height=\"493\" src=\"https:\/\/fervent1study.com\/wp-content\/uploads\/2025\/02\/About-Fervent1.png\" class=\"attachment-full size-full wp-image-256\" alt=\"\" srcset=\"https:\/\/fervent1study.com\/wp-content\/uploads\/2025\/02\/About-Fervent1.png 512w, https:\/\/fervent1study.com\/wp-content\/uploads\/2025\/02\/About-Fervent1-300x289.png 300w, https:\/\/fervent1study.com\/wp-content\/uploads\/2025\/02\/About-Fervent1-12x12.png 12w\" sizes=\"(max-width: 512px) 100vw, 512px\" \/>\t\t\t\t\t\t\t\t\t\t\t\t\t\t\t<\/div>\n\t\t\t\t<\/div>\n\t\t\t\t\t<\/div>\n\t\t\t\t<\/div>\n\t\t<div class=\"elementor-element elementor-element-577fea5 e-flex e-con-boxed e-con e-parent\" data-id=\"577fea5\" data-element_type=\"container\" data-e-type=\"container\" data-settings=\"{&quot;background_background&quot;:&quot;classic&quot;}\">\n\t\t\t\t\t<div class=\"e-con-inner\">\n\t\t<div class=\"elementor-element elementor-element-8ccc52c e-flex e-con-boxed e-con e-child\" data-id=\"8ccc52c\" data-element_type=\"container\" data-e-type=\"container\">\n\t\t\t\t\t<div class=\"e-con-inner\">\n\t\t\t\t<div class=\"elementor-element elementor-element-e15a6a8 elementor-widget elementor-widget-heading\" data-id=\"e15a6a8\" data-element_type=\"widget\" data-e-type=\"widget\" data-widget_type=\"heading.default\">\n\t\t\t\t<div class=\"elementor-widget-container\">\n\t\t\t\t\t<h2 class=\"elementor-heading-title elementor-size-default\">Come posso partecipare?<\/h2>\t\t\t\t<\/div>\n\t\t\t\t<\/div>\n\t\t\t\t<div class=\"elementor-element elementor-element-8a3c97f elementor-widget__width-initial elementor-widget elementor-widget-text-editor\" data-id=\"8a3c97f\" data-element_type=\"widget\" data-e-type=\"widget\" data-widget_type=\"text-editor.default\">\n\t\t\t\t<div class=\"elementor-widget-container\">\n\t\t\t\t\t\t\t\t\tSe desidera partecipare allo studio clinico FERVENT-1, pu\u00f2 compilare il questionario di pre-screening che consentir\u00e0 di valutare la Sua potenziale idoneit\u00e0.\t\t\t\t\t\t\t\t<\/div>\n\t\t\t\t<\/div>\n\t\t\t\t\t<\/div>\n\t\t\t\t<\/div>\n\t\t<div class=\"elementor-element elementor-element-15b2434 e-flex e-con-boxed e-con e-child\" data-id=\"15b2434\" data-element_type=\"container\" data-e-type=\"container\">\n\t\t\t\t\t<div class=\"e-con-inner\">\n\t\t<div class=\"elementor-element elementor-element-894ba60 e-flex e-con-boxed e-con e-child\" data-id=\"894ba60\" data-element_type=\"container\" data-e-type=\"container\">\n\t\t\t\t\t<div class=\"e-con-inner\">\n\t\t\t\t<div class=\"elementor-element elementor-element-1650774 elementor-widget elementor-widget-button\" data-id=\"1650774\" data-element_type=\"widget\" data-e-type=\"widget\" data-widget_type=\"button.default\">\n\t\t\t\t<div class=\"elementor-widget-container\">\n\t\t\t\t\t\t\t\t\t<div class=\"elementor-button-wrapper\">\n\t\t\t\t\t<a class=\"elementor-button elementor-button-link elementor-size-sm\" href=\"\/it-it\/can-i-take-part\/#questionnaire\">\n\t\t\t\t\t\t<span class=\"elementor-button-content-wrapper\">\n\t\t\t\t\t\t\t\t\t<span class=\"elementor-button-text\">Questionario<\/span>\n\t\t\t\t\t<\/span>\n\t\t\t\t\t<\/a>\n\t\t\t\t<\/div>\n\t\t\t\t\t\t\t\t<\/div>\n\t\t\t\t<\/div>\n\t\t\t\t\t<\/div>\n\t\t\t\t<\/div>\n\t\t\t\t\t<\/div>\n\t\t\t\t<\/div>\n\t\t\t\t\t<\/div>\n\t\t\t\t<\/div>\n\t\t<div class=\"elementor-element elementor-element-1d75b65 boxed-container-right e-flex e-con-boxed e-con e-parent\" data-id=\"1d75b65\" data-element_type=\"container\" data-e-type=\"container\">\n\t\t\t\t\t<div class=\"e-con-inner\">\n\t\t<div class=\"elementor-element elementor-element-7d166c67 e-con-full e-flex e-con e-child\" data-id=\"7d166c67\" data-element_type=\"container\" data-e-type=\"container\">\n\t\t\t\t<div class=\"elementor-element elementor-element-88d8a4f elementor-widget elementor-widget-heading\" data-id=\"88d8a4f\" data-element_type=\"widget\" data-e-type=\"widget\" data-widget_type=\"heading.default\">\n\t\t\t\t<div class=\"elementor-widget-container\">\n\t\t\t\t\t<h2 class=\"elementor-heading-title elementor-size-default\">Che cos\u2019altro dovrei sapere?<\/h2>\t\t\t\t<\/div>\n\t\t\t\t<\/div>\n\t\t\t\t<div class=\"elementor-element elementor-element-31b5f9e7 elementor-widget elementor-widget-text-editor\" data-id=\"31b5f9e7\" data-element_type=\"widget\" data-e-type=\"widget\" data-widget_type=\"text-editor.default\">\n\t\t\t\t<div class=\"elementor-widget-container\">\n\t\t\t\t\t\t\t\t\tAl pari di tutti gli altri farmaci, l\u2019assunzione del trattamento sperimentale implica possibili rischi. In caso di idoneit\u00e0 e se sceglie di partecipare, Le forniremo un modulo di consenso informato che illustra gli eventuali possibili rischi e tutti gli effetti collaterali che potrebbero manifestarsi. \u00c8 anche possibile che il trattamento in studio abbia degli effetti non ancora noti. La salute e la sicurezza dei partecipanti sono le nostre principali priorit\u00e0 e saranno attentamente monitorate per l\u2019intera durata della partecipazione.\t\t\t\t\t\t\t\t<\/div>\n\t\t\t\t<\/div>\n\t\t\t\t<div class=\"elementor-element elementor-element-5d65bef elementor-widget elementor-widget-text-editor\" data-id=\"5d65bef\" data-element_type=\"widget\" data-e-type=\"widget\" data-widget_type=\"text-editor.default\">\n\t\t\t\t<div class=\"elementor-widget-container\">\n\t\t\t\t\t\t\t\t\tOltre alle cure che riceve regolarmente, potrebbe avere accesso a ulteriori controlli medici e alla consulenza di specialisti in beta-talassemia non trasfusione-dipendente. Non vi \u00e8 alcuna garanzia che la partecipazione a questo studio Le permetta di ottenere benefici sotto il profilo medico. Le Sue condizioni potrebbero migliorare, rimanere invariate o persino peggiorare. Lei pu\u00f2 liberamente ritirarsi dallo studio per qualsiasi motivo e in qualsiasi momento.\t\t\t\t\t\t\t\t<\/div>\n\t\t\t\t<\/div>\n\t\t\t\t<div class=\"elementor-element elementor-element-ae64dd8 elementor-widget elementor-widget-text-editor\" data-id=\"ae64dd8\" data-element_type=\"widget\" data-e-type=\"widget\" data-widget_type=\"text-editor.default\">\n\t\t\t\t<div class=\"elementor-widget-container\">\n\t\t\t\t\t\t\t\t\t<p>Questo studio clinico utilizzer\u00e0 un farmaco sperimentale, la cui sicurezza ed efficacia non sono state completamente valutate dalle autorit\u00e0 di regolamentazione.<\/p>\t\t\t\t\t\t\t\t<\/div>\n\t\t\t\t<\/div>\n\t\t\t\t<\/div>\n\t\t<div class=\"elementor-element elementor-element-173ec9f e-con-full e-flex e-con e-child\" data-id=\"173ec9f\" data-element_type=\"container\" data-e-type=\"container\">\n\t\t\t\t<\/div>\n\t\t\t\t\t<\/div>\n\t\t\t\t<\/div>\n\t\t<div class=\"elementor-element elementor-element-0b1ed71 e-flex e-con-boxed e-con e-parent\" data-id=\"0b1ed71\" data-element_type=\"container\" data-e-type=\"container\">\n\t\t\t\t\t<div class=\"e-con-inner\">\n\t\t\t\t<div class=\"elementor-element elementor-element-65a42c4 elementor-hidden-desktop elementor-hidden-laptop elementor-hidden-widescreen elementor-hidden-tablet_extra elementor-hidden-tablet elementor-hidden-mobile_extra elementor-widget elementor-widget-image\" data-id=\"65a42c4\" data-element_type=\"widget\" data-e-type=\"widget\" data-widget_type=\"image.default\">\n\t\t\t\t<div class=\"elementor-widget-container\">\n\t\t\t\t\t\t\t\t\t\t\t\t\t\t\t<img decoding=\"async\" width=\"644\" height=\"593\" src=\"https:\/\/fervent1study.com\/wp-content\/uploads\/2025\/02\/Mask-group-13-1.png\" class=\"attachment-full size-full wp-image-257\" alt=\"\" srcset=\"https:\/\/fervent1study.com\/wp-content\/uploads\/2025\/02\/Mask-group-13-1.png 644w, https:\/\/fervent1study.com\/wp-content\/uploads\/2025\/02\/Mask-group-13-1-300x276.png 300w, https:\/\/fervent1study.com\/wp-content\/uploads\/2025\/02\/Mask-group-13-1-13x12.png 13w\" sizes=\"(max-width: 644px) 100vw, 644px\" \/>\t\t\t\t\t\t\t\t\t\t\t\t\t\t\t<\/div>\n\t\t\t\t<\/div>\n\t\t\t\t\t<\/div>\n\t\t\t\t<\/div>\n\t\t<div class=\"elementor-element elementor-element-7164dd7 e-flex e-con-boxed e-con e-parent\" data-id=\"7164dd7\" data-element_type=\"container\" data-e-type=\"container\" data-settings=\"{&quot;background_background&quot;:&quot;classic&quot;}\">\n\t\t\t\t\t<div class=\"e-con-inner\">\n\t\t<div class=\"elementor-element elementor-element-ea586cf e-flex e-con-boxed e-con e-child\" data-id=\"ea586cf\" data-element_type=\"container\" data-e-type=\"container\">\n\t\t\t\t\t<div class=\"e-con-inner\">\n\t\t\t\t<div class=\"elementor-element elementor-element-16ce731 elementor-widget elementor-widget-heading\" data-id=\"16ce731\" data-element_type=\"widget\" data-e-type=\"widget\" data-widget_type=\"heading.default\">\n\t\t\t\t<div class=\"elementor-widget-container\">\n\t\t\t\t\t<h2 class=\"elementor-heading-title elementor-size-default\">Trovi un centro di studio nelle vicinanze<\/h2>\t\t\t\t<\/div>\n\t\t\t\t<\/div>\n\t\t\t\t<div class=\"elementor-element elementor-element-16a163d elementor-widget__width-initial elementor-widget elementor-widget-text-editor\" data-id=\"16a163d\" data-element_type=\"widget\" data-e-type=\"widget\" data-widget_type=\"text-editor.default\">\n\t\t\t\t<div class=\"elementor-widget-container\">\n\t\t\t\t\t\t\t\t\tPer ulteriori informazioni sullo studio clinico FERVENT-1 e per scoprire se sia adatto al Suo caso, La invitiamo a rivolgersi al centro di studio pi\u00f9 vicino, il cui personale \u00e8 a Sua completa disposizione.\t\t\t\t\t\t\t\t<\/div>\n\t\t\t\t<\/div>\n\t\t\t\t\t<\/div>\n\t\t\t\t<\/div>\n\t\t<div class=\"elementor-element elementor-element-522c4ea e-flex e-con-boxed e-con e-child\" data-id=\"522c4ea\" data-element_type=\"container\" data-e-type=\"container\">\n\t\t\t\t\t<div class=\"e-con-inner\">\n\t\t<div class=\"elementor-element elementor-element-70e6526 e-flex e-con-boxed e-con e-child\" data-id=\"70e6526\" data-element_type=\"container\" data-e-type=\"container\">\n\t\t\t\t\t<div class=\"e-con-inner\">\n\t\t\t\t<div class=\"elementor-element elementor-element-fa9669b elementor-widget elementor-widget-heading\" data-id=\"fa9669b\" data-element_type=\"widget\" data-e-type=\"widget\" data-widget_type=\"heading.default\">\n\t\t\t\t<div class=\"elementor-widget-container\">\n\t\t\t\t\t<h4 class=\"elementor-heading-title elementor-size-default\">Trovi il centro di studio pi\u00f9 vicino<\/h4>\t\t\t\t<\/div>\n\t\t\t\t<\/div>\n\t\t\t\t\t<\/div>\n\t\t\t\t<\/div>\n\t\t<div class=\"elementor-element elementor-element-0763fd1 e-con-full e-flex e-con e-child\" data-id=\"0763fd1\" data-element_type=\"container\" data-e-type=\"container\">\n\t\t\t\t<div class=\"elementor-element elementor-element-d24fa65 elementor-widget elementor-widget-button\" data-id=\"d24fa65\" data-element_type=\"widget\" data-e-type=\"widget\" data-widget_type=\"button.default\">\n\t\t\t\t<div class=\"elementor-widget-container\">\n\t\t\t\t\t\t\t\t\t<div class=\"elementor-button-wrapper\">\n\t\t\t\t\t<a class=\"elementor-button elementor-button-link elementor-size-sm\" href=\"\/it-it\/can-i-take-part\/#sitefinder\">\n\t\t\t\t\t\t<span class=\"elementor-button-content-wrapper\">\n\t\t\t\t\t\t\t\t\t<span class=\"elementor-button-text\">Ricerca centro<\/span>\n\t\t\t\t\t<\/span>\n\t\t\t\t\t<\/a>\n\t\t\t\t<\/div>\n\t\t\t\t\t\t\t\t<\/div>\n\t\t\t\t<\/div>\n\t\t\t\t<\/div>\n\t\t\t\t\t<\/div>\n\t\t\t\t<\/div>\n\t\t\t\t\t<\/div>\n\t\t\t\t<\/div>\n\t\t\t\t<\/div>","protected":false},"excerpt":{"rendered":"<p>What is the FERVENT-1 clinical research study? Currently, we are working on developing potential treatments for non-transfusion dependent beta-thalassemia. FERVENT-1 is a clinical research study that aims to assess the efficacy and safety of an investigational treatment in reducing excess iron levels in adults with non-transfusion dependent beta-thalassemia.\u00a0\u00a0 What is the study treatment? Investigational treatment:This [&hellip;]<\/p>\n","protected":false},"author":2,"featured_media":0,"parent":0,"menu_order":0,"comment_status":"closed","ping_status":"closed","template":"","meta":{"footnotes":""},"class_list":["post-20","page","type-page","status-publish","hentry"],"_links":{"self":[{"href":"https:\/\/fervent1study.com\/it-it\/wp-json\/wp\/v2\/pages\/20","targetHints":{"allow":["GET"]}}],"collection":[{"href":"https:\/\/fervent1study.com\/it-it\/wp-json\/wp\/v2\/pages"}],"about":[{"href":"https:\/\/fervent1study.com\/it-it\/wp-json\/wp\/v2\/types\/page"}],"author":[{"embeddable":true,"href":"https:\/\/fervent1study.com\/it-it\/wp-json\/wp\/v2\/users\/2"}],"replies":[{"embeddable":true,"href":"https:\/\/fervent1study.com\/it-it\/wp-json\/wp\/v2\/comments?post=20"}],"version-history":[{"count":0,"href":"https:\/\/fervent1study.com\/it-it\/wp-json\/wp\/v2\/pages\/20\/revisions"}],"wp:attachment":[{"href":"https:\/\/fervent1study.com\/it-it\/wp-json\/wp\/v2\/media?parent=20"}],"curies":[{"name":"wp","href":"https:\/\/api.w.org\/{rel}","templated":true}]}}